{"id":252,"date":"2017-11-21T00:02:16","date_gmt":"2017-11-21T00:02:16","guid":{"rendered":"https:\/\/corporativozr.com\/2024\/?page_id=252"},"modified":"2024-08-27T03:18:01","modified_gmt":"2024-08-27T03:18:01","slug":"contacto","status":"publish","type":"page","link":"https:\/\/corporativozr.com\/2024\/contacto\/","title":{"rendered":"Contacto"},"content":{"rendered":"<p>[vc_row full_width=\u00bbstretch_row_content_no_spaces\u00bb][vc_column][vc_gmaps link=\u00bb#E-8_JTNDaWZyYW1lJTIwc3JjJTNEJTIyaHR0cHMlM0ElMkYlMkZ3d3cuZ29vZ2xlLmNvbSUyRm1hcHMlMkZlbWJlZCUzRnBiJTNEJTIxMW0xOCUyMTFtMTIlMjExbTMlMjExZDM4NzguOTk0NDEwMTQwMTU4NCUyMTJkLTEwMS42OTk0MTQ0NDgwNzMzNiUyMTNkMjEuMTUzMTg1MTQ5OTgyMDE1JTIxMm0zJTIxMWYwJTIxMmYwJTIxM2YwJTIxM20yJTIxMWkxMDI0JTIxMmk3NjglMjE0ZjEzLjElMjEzbTMlMjExbTIlMjExczB4ODQyYmJmNTAzOWQ5MTZlYiUyNTNBMHgyMTIwMDdlZGZmNmFjOGU1JTIxMnNFc3RhbmNpZXJvcyUyNTIwMTI2JTI1MkMlMjUyMFZhbGxlJTI1MjBkZWwlMjUyMENhbXBlc3RyZSUyNTJDJTI1MjAzNzE1MCUyNTIwTGUlMjVDMyUyNUIzbiUyNTIwZGUlMjUyMGxvcyUyNTIwQWxkYW1hJTI1MkMlMjUyMEd0by4lMjE1ZTAlMjEzbTIlMjExc2VzJTIxMnNteCUyMTR2MTcwMDc1OTUyNzgyMiUyMTVtMiUyMTFzZXMlMjEyc214JTIyJTIwd2lkdGglM0QlMjI2MDAlMjIlMjBoZWlnaHQlM0QlMjI0NTAlMjIlMjBzdHlsZSUzRCUyMmJvcmRlciUzQTAlM0IlMjIlMjBhbGxvd2Z1bGxzY3JlZW4lM0QlMjIlMjIlMjBsb2FkaW5nJTNEJTIybGF6eSUyMiUyMHJlZmVycmVycG9saWN5JTNEJTIybm8tcmVmZXJyZXItd2hlbi1kb3duZ3JhZGUlMjIlM0UlM0MlMkZpZnJhbWUlM0U=\u00bb][\/vc_column][\/vc_row][vc_row][vc_column width=\u00bb1\/2&#8243;][vc_icon icon_fontawesome=\u00bbfa fa-envelope-open\u00bb color=\u00bbcustom\u00bb size=\u00bbxl\u00bb align=\u00bbcenter\u00bb custom_color=\u00bb#ac8d4f\u00bb][vc_column_text]<\/p>\n<h5>E-Mail: <strong>info@corporativozr.com<\/strong><\/h5>\n<h5>Tel\u00e9fono: (044) 477 3 09 78 93<\/h5>\n<h5>Direcci\u00f3n: Estancieros 126, Valle del Campestre, 37150 Le\u00f3n, Gto.<\/h5>\n<h5>SMA:Ejido Sausnabar y ca\u00f1ajo carretera a, Carr. Jalpa Km 247, 37886 San Miguel de Allende, Gto.<\/h5>\n<p>[\/vc_column_text][vc_single_image image=\u00bb96543&#8243; img_size=\u00bbfull\u00bb][\/vc_column][vc_column width=\u00bb1\/2&#8243;][vc_row_inner css=\u00bb.vc_custom_1511224016911{background-color: #f2f2f2 !important;}\u00bb][vc_column_inner][vc_icon icon_fontawesome=\u00bbfa fa-commenting\u00bb color=\u00bbcustom\u00bb size=\u00bbxl\u00bb align=\u00bbcenter\u00bb custom_color=\u00bb#ac8d4f\u00bb]<div role=\"form\" class=\"wpcf7\" id=\"wpcf7-f4-o1\" lang=\"en-US\" dir=\"ltr\">\n<div class=\"screen-reader-response\"><\/div>\n<form action=\"\/2024\/wp-json\/wp\/v2\/pages\/252#wpcf7-f4-o1\" method=\"post\" class=\"wpcf7-form gem-contact-form-white\" novalidate=\"novalidate\">\n<div style=\"display: none;\">\n<input type=\"hidden\" name=\"_wpcf7\" value=\"4\" \/>\n<input type=\"hidden\" name=\"_wpcf7_version\" value=\"5.0\" \/>\n<input type=\"hidden\" name=\"_wpcf7_locale\" value=\"en_US\" \/>\n<input type=\"hidden\" name=\"_wpcf7_unit_tag\" value=\"wpcf7-f4-o1\" \/>\n<input type=\"hidden\" name=\"_wpcf7_container_post\" value=\"0\" \/>\n<\/div>\n<p align=\"center\"><label> NOMBRE*<br \/>\n    <span class=\"wpcf7-form-control-wrap your-name\"><input type=\"text\" name=\"your-name\" value=\"\" size=\"40\" class=\"wpcf7-form-control wpcf7-text wpcf7-validates-as-required\" aria-required=\"true\" aria-invalid=\"false\" \/><\/span> <\/label><\/p>\n<p align=\"center\"><label> E-MAIL*<br \/>\n    <span class=\"wpcf7-form-control-wrap your-email\"><input type=\"email\" name=\"your-email\" value=\"\" size=\"40\" class=\"wpcf7-form-control wpcf7-text wpcf7-email wpcf7-validates-as-required wpcf7-validates-as-email\" aria-required=\"true\" aria-invalid=\"false\" \/><\/span> <\/label><\/p>\n<p align=\"center\"><label> TEMA<br \/>\n    <span class=\"wpcf7-form-control-wrap your-subject\"><input type=\"text\" name=\"your-subject\" value=\"\" size=\"40\" class=\"wpcf7-form-control wpcf7-text\" aria-invalid=\"false\" \/><\/span> <\/label><\/p>\n<p align=\"center\"><label> MENSAJE<br \/>\n    <span class=\"wpcf7-form-control-wrap your-message\"><textarea name=\"your-message\" cols=\"40\" rows=\"10\" class=\"wpcf7-form-control wpcf7-textarea\" aria-invalid=\"false\"><\/textarea><\/span> <\/label><\/p>\n<p align=\"center\"><input type=\"submit\" value=\"ENVIAR\" class=\"wpcf7-form-control wpcf7-submit\" \/><\/p>\n<div class=\"wpcf7-response-output wpcf7-display-none\"><\/div><\/form><\/div>[\/vc_column_inner][\/vc_row_inner][\/vc_column][\/vc_row][vc_row css=\u00bb.vc_custom_1700754016095{padding-top: 25px !important;padding-bottom: 25px !important;}\u00bb][vc_column width=\u00bb1\/4&#8243;][vc_icon icon_fontawesome=\u00bbfa fa-facebook\u00bb color=\u00bbcustom\u00bb size=\u00bbxl\u00bb align=\u00bbcenter\u00bb custom_color=\u00bb#ac8d4f\u00bb link=\u00bburl:https%3A%2F%2Fwww.facebook.com%2FweddingplannerAZ||target:%20_blank|\u00bb][vc_single_image image=\u00bb96630&#8243; img_size=\u00bbfull\u00bb][\/vc_column][vc_column width=\u00bb1\/4&#8243;][vc_icon icon_fontawesome=\u00bbfa fa-instagram\u00bb color=\u00bbcustom\u00bb size=\u00bbxl\u00bb align=\u00bbcenter\u00bb custom_color=\u00bb#ac8d4f\u00bb link=\u00bburl:https%3A%2F%2Fwww.instagram.com%2Falejandrazermeno.mx%2F||target:%20_blank|\u00bb][vc_single_image image=\u00bb96632&#8243; img_size=\u00bbfull\u00bb][\/vc_column][vc_column width=\u00bb1\/4&#8243;][vc_icon icon_fontawesome=\u00bbfa fa-globe\u00bb color=\u00bbcustom\u00bb size=\u00bbxl\u00bb align=\u00bbcenter\u00bb custom_color=\u00bb#ac8d4f\u00bb link=\u00bburl:https%3A%2F%2Falejandrazermeno.mx%2F||target:%20_blank|\u00bb][vc_single_image image=\u00bb96633&#8243; img_size=\u00bbfull\u00bb][\/vc_column][vc_column width=\u00bb1\/4&#8243;][vc_icon icon_fontawesome=\u00bbfa fa-whatsapp\u00bb color=\u00bbcustom\u00bb size=\u00bbxl\u00bb align=\u00bbcenter\u00bb custom_color=\u00bb#ac8d4f\u00bb link=\u00bburl:https%3A%2F%2Fwa.me%2F5214773097893||target:%20_blank|\u00bb][vc_single_image image=\u00bb96634&#8243; img_size=\u00bbfull\u00bb][\/vc_column][\/vc_row]<\/p>\n","protected":false},"excerpt":{"rendered":"<p>[vc_row full_width=\u00bbstretch_row_content_no_spaces\u00bb][vc_column][vc_gmaps link=\u00bb#E-8_JTNDaWZyYW1lJTIwc3JjJTNEJTIyaHR0cHMlM0ElMkYlMkZ3d3cuZ29vZ2xlLmNvbSUyRm1hcHMlMkZlbWJlZCUzRnBiJTNEJTIxMW0xOCUyMTFtMTIlMjExbTMlMjExZDM4NzguOTk0NDEwMTQwMTU4NCUyMTJkLTEwMS42OTk0MTQ0NDgwNzMzNiUyMTNkMjEuMTUzMTg1MTQ5OTgyMDE1JTIxMm0zJTIxMWYwJTIxMmYwJTIxM2YwJTIxM20yJTIxMWkxMDI0JTIxMmk3NjglMjE0ZjEzLjElMjEzbTMlMjExbTIlMjExczB4ODQyYmJmNTAzOWQ5MTZlYiUyNTNBMHgyMTIwMDdlZGZmNmFjOGU1JTIxMnNFc3RhbmNpZXJvcyUyNTIwMTI2JTI1MkMlMjUyMFZhbGxlJTI1MjBkZWwlMjUyMENhbXBlc3RyZSUyNTJDJTI1MjAzNzE1MCUyNTIwTGUlMjVDMyUyNUIzbiUyNTIwZGUlMjUyMGxvcyUyNTIwQWxkYW1hJTI1MkMlMjUyMEd0by4lMjE1ZTAlMjEzbTIlMjExc2VzJTIxMnNteCUyMTR2MTcwMDc1OTUyNzgyMiUyMTVtMiUyMTFzZXMlMjEyc214JTIyJTIwd2lkdGglM0QlMjI2MDAlMjIlMjBoZWlnaHQlM0QlMjI0NTAlMjIlMjBzdHlsZSUzRCUyMmJvcmRlciUzQTAlM0IlMjIlMjBhbGxvd2Z1bGxzY3JlZW4lM0QlMjIlMjIlMjBsb2FkaW5nJTNEJTIybGF6eSUyMiUyMHJlZmVycmVycG9saWN5JTNEJTIybm8tcmVmZXJyZXItd2hlbi1kb3duZ3JhZGUlMjIlM0UlM0MlMkZpZnJhbWUlM0U=\u00bb][\/vc_column][\/vc_row][vc_row][vc_column width=\u00bb1\/2&#8243;][vc_icon icon_fontawesome=\u00bbfa fa-envelope-open\u00bb color=\u00bbcustom\u00bb size=\u00bbxl\u00bb align=\u00bbcenter\u00bb custom_color=\u00bb#ac8d4f\u00bb][vc_column_text] E-Mail: info@corporativozr.com Tel\u00e9fono: (044) 477 3 09 78 93 Direcci\u00f3n: Estancieros 126, Valle del Campestre, 37150 Le\u00f3n, Gto. SMA:Ejido Sausnabar y ca\u00f1ajo carretera a, Carr. Jalpa Km 247, 37886 San Miguel de Allende, Gto. [\/vc_column_text][vc_single_image image=\u00bb96543&#8243; img_size=\u00bbfull\u00bb][\/vc_column][vc_column width=\u00bb1\/2&#8243;][vc_row_inner css=\u00bb.vc_custom_1511224016911{background-color: #f2f2f2&#8230;<\/p>\n","protected":false},"author":1,"featured_media":0,"parent":0,"menu_order":0,"comment_status":"closed","ping_status":"closed","template":"","meta":{"footnotes":""},"class_list":["post-252","page","type-page","status-publish","hentry"],"_links":{"self":[{"href":"https:\/\/corporativozr.com\/2024\/wp-json\/wp\/v2\/pages\/252","targetHints":{"allow":["GET"]}}],"collection":[{"href":"https:\/\/corporativozr.com\/2024\/wp-json\/wp\/v2\/pages"}],"about":[{"href":"https:\/\/corporativozr.com\/2024\/wp-json\/wp\/v2\/types\/page"}],"author":[{"embeddable":true,"href":"https:\/\/corporativozr.com\/2024\/wp-json\/wp\/v2\/users\/1"}],"replies":[{"embeddable":true,"href":"https:\/\/corporativozr.com\/2024\/wp-json\/wp\/v2\/comments?post=252"}],"version-history":[{"count":22,"href":"https:\/\/corporativozr.com\/2024\/wp-json\/wp\/v2\/pages\/252\/revisions"}],"predecessor-version":[{"id":97116,"href":"https:\/\/corporativozr.com\/2024\/wp-json\/wp\/v2\/pages\/252\/revisions\/97116"}],"wp:attachment":[{"href":"https:\/\/corporativozr.com\/2024\/wp-json\/wp\/v2\/media?parent=252"}],"curies":[{"name":"wp","href":"https:\/\/api.w.org\/{rel}","templated":true}]}}