{"id":96558,"date":"2023-11-21T19:07:50","date_gmt":"2023-11-21T19:07:50","guid":{"rendered":"https:\/\/corporativozr.com\/2024\/?page_id=96558"},"modified":"2023-12-08T17:35:10","modified_gmt":"2023-12-08T17:35:10","slug":"bodas-destino","status":"publish","type":"page","link":"https:\/\/corporativozr.com\/2024\/servicios\/bodas-destino\/","title":{"rendered":"Bodas Destino"},"content":{"rendered":"<p>[vc_row full_width=\u00bbstretch_row\u00bb css=\u00bb.vc_custom_1701476927715{background-image: url(https:\/\/corporativozr.com\/2024\/wp-content\/uploads\/2023\/12\/ENCABEZADO-1.jpg?id=96829) !important;background-position: center !important;background-repeat: no-repeat !important;background-size: cover !important;}\u00bb][vc_column][vc_empty_space height=\u00bb160px\u00bb][vc_custom_heading text=\u00bbBODAS DESTINO\u00bb font_container=\u00bbtag:h2|font_size:36|text_align:left|color:%23ffffff\u00bb use_theme_fonts=\u00bbyes\u00bb][vc_empty_space height=\u00bb160px\u00bb][\/vc_column][\/vc_row][vc_row full_width=\u00bbstretch_row_content_no_spaces\u00bb][vc_column width=\u00bb1\/2&#8243;][vc_empty_space][vc_single_image image=\u00bb96828&#8243; img_size=\u00bbfull\u00bb alignment=\u00bbcenter\u00bb style=\u00bbvc_box_shadow_3d\u00bb][\/vc_column][vc_column width=\u00bb1\/2&#8243; css=\u00bb.vc_custom_1700594615474{padding-top: 25px !important;padding-right: 25px !important;padding-bottom: 25px !important;padding-left: 25px !important;}\u00bb][vc_column_text]<\/p>\n<h6 style=\"text-align: center;\">Una boda destino es mucho m\u00e1s que un evento; es una aventura, una experiencia \u00fanica e inolvidable que combina amor, romance y exploraci\u00f3n. A pesar de los desaf\u00edos, el encanto y la magia de las bodas destino contin\u00faan cautivando a parejas de todo el mundo, creando momentos que perdurar\u00e1n para siempre en sus corazones. A continuaci\u00f3n mencionaremos las ventajas de tener una boda destino:<\/h6>\n<h6 style=\"text-align: center;\">Ventajas:<\/h6>\n<h6 style=\"text-align: center;\">1.Escenarios de Ensue\u00f1o: Las bodas destino ofrecen una variedad infinita de escenarios, desde playas ex\u00f3ticas hasta ciudades hist\u00f3ricas, permitiendo a los novios elegir el lugar de sus sue\u00f1os para el gran d\u00eda.<\/h6>\n<h6 style=\"text-align: center;\">2.Experiencia \u00danica: Cada boda destino es \u00fanica y personalizada, ofreciendo una experiencia \u00edntima y exclusiva para los novios y sus invitados, lejos de las celebraciones tradicionales.<\/h6>\n<h6 style=\"text-align: center;\">3.Aventura y Romance: Estas bodas combinan el romance con la aventura, brindando la oportunidad de explorar nuevas culturas y tradiciones, creando recuerdos inolvidables durante toda la celebraci\u00f3n.<\/h6>\n<h6 style=\"text-align: center;\">4.Intimidad: Al limitar la lista de invitados a familiares y amigos cercanos, las bodas destino fomentan la intimidad y la conexi\u00f3n emocional, haciendo que cada momento sea m\u00e1s significativo.<\/h6>\n<h6 style=\"text-align: center;\">\u00a1M\u00e9xico es un tesoro de posibilidades y encanto para celebrar bodas destino en sus lugares m\u00e1s ic\u00f3nicos! Nuestro pa\u00eds ofrece una amplia gama de escenarios impresionantes que cautivan los corazones de quienes buscan vivir momentos m\u00e1gicos en un entorno espectacular.<\/h6>\n<h6 style=\"text-align: center;\">Imagina intercambiar votos matrimoniales frente al imponente tel\u00f3n de fondo de las pir\u00e1mides de Teotihuac\u00e1n, entre la majestuosidad de las ruinas mayas en Chich\u00e9n Itz\u00e1 o bajo el c\u00e1lido sol y la brisa del Caribe en las playas de Tulum. Celebra tu evento en los pintorescos pueblos m\u00e1gicos de San Miguel de Allende con su arquitectura impresionante y en Guanajuato con su belleza arquitect\u00f3nica \u00fanica. Estos lugares emblem\u00e1ticos son solo una muestra de la diversidad y belleza que M\u00e9xico tiene para ofrecer como destino de bodas.<\/h6>\n<h6 style=\"text-align: center;\">San Miguel de Allende y Guanajuato son destinos excepcionales para celebrar una boda destino, y en nuestra empresa, destacamos estos lugares por su belleza incomparable y encanto hist\u00f3rico. Nuestra experiencia y conocimiento en la planificaci\u00f3n y ejecuci\u00f3n de bodas destino en estas localidades nos permite ofrecer un servicio profesional y lleno de belleza para convertir cada evento en una experiencia inolvidable.<\/h6>\n<h6 style=\"text-align: center;\">San Miguel de Allende, reconocido por su arquitectura colonial, calles empedradas y atm\u00f3sfera rom\u00e1ntica, ofrece un escenario id\u00edlico para bodas. Sus majestuosas iglesias, jardines exuberantes y haciendas hist\u00f3ricas brindan un tel\u00f3n de fondo perfecto para celebrar el amor en un ambiente de elegancia y tradici\u00f3n.<\/h6>\n<h6 style=\"text-align: center;\">Por otro lado, Guanajuato cautiva con su belleza arquitect\u00f3nica \u00fanica, sus callejones serpenteantes y sus plazas encantadoras. Los palacios, teatros hist\u00f3ricos y sus caracter\u00edsticas calles subterr\u00e1neas a\u00f1aden un toque de misterio y encanto a cualquier celebraci\u00f3n.<\/h6>\n<h6 style=\"text-align: center;\">Nuestro compromiso radica en llevar a cabo bodas destino en estos destinos excepcionales con el m\u00e1s alto nivel de profesionalismo y atenci\u00f3n al detalle. Contamos con la experiencia y el conocimiento local para crear experiencias personalizadas, desde la selecci\u00f3n de locaciones espectaculares hasta la coordinaci\u00f3n meticulosa de cada aspecto, garantizando que cada momento sea \u00fanico y memorable para las parejas y sus invitados.<\/h6>\n<h6 style=\"text-align: center;\">En nuestra trayectoria, hemos tenido el privilegio de crear bodas destino que se han convertido en experiencias inolvidables tanto en M\u00e9xico como en el extranjero. Desde el encanto de San Miguel de Allende, Guanajuato, hasta la belleza de Quer\u00e9taro, el urbanismo impactante de la Ciudad de M\u00e9xico y las playas memorables de Canc\u00fan. Y con la dicha de poder llevar a cabo una boda destino en Asturias, Espa\u00f1a.<\/h6>\n<p>[\/vc_column_text][\/vc_column][\/vc_row][vc_row full_width=\u00bbstretch_row\u00bb][vc_column width=\u00bb1\/4&#8243;]<div class=\"gem-quote gem-quote-style-4 gem-quote-no-paddings\"><blockquote><\/p>\n<h4>\u00a1D\u00e9janos ser tus gu\u00edas en este viaje inolvidable hacia el amor eterno!<\/h4>\n<p><\/blockquote><\/div>[\/vc_column][vc_column width=\u00bb3\/4&#8243;]<div class=\"gem-video gem-wrapbox gem-wrapbox-style-4 rounded-corners gem-wrapbox-position-below\" style=\"width: 100%;\"><div class=\"gem-wrapbox-inner video-block gem-ratio-style\" style=\"padding-top: 56.25%\"><video width=\"100%\" height=\"100%\" controls=\"controls\" src=\"https:\/\/corporativozr.com\/2024\/wp-content\/uploads\/2023\/12\/VIDEO-BODA-DESTINO.mp4\"  poster=\"https:\/\/corporativozr.com\/2024\/wp-content\/uploads\/2023\/12\/Captura-de-Pantalla-2023-12-01-a-las-18.33.54.png\" preload=\"none\"><\/video><\/div><\/div>[vc_column_text]<\/p>\n<h4 style=\"text-align: center;\"><strong>Boda destino &#8211; Pamela y Alfredo<\/strong><\/h4>\n<p>[\/vc_column_text][\/vc_column][\/vc_row][vc_row full_width=\u00bbstretch_row_content_no_spaces\u00bb][vc_column width=\u00bb2\/3&#8243; css=\u00bb.vc_custom_1700594615474{padding-top: 25px !important;padding-right: 25px !important;padding-bottom: 25px !important;padding-left: 25px !important;}\u00bb][vc_empty_space height=\u00bb100px\u00bb][vc_column_text]<\/p>\n<h4 style=\"text-align: center;\">\u00abIn every detail, we weave passion and creativity with threads of dedication and love, creating an event that is more than an experience; it&#8217;s a dream come true. Our commitment to those who trust in us is the engine that drives the magic of each moment.\u00bb<\/h4>\n<p>[\/vc_column_text][\/vc_column][vc_column width=\u00bb1\/3&#8243;][vc_single_image image=\u00bb96543&#8243; img_size=\u00bbfull\u00bb alignment=\u00bbcenter\u00bb][\/vc_column][\/vc_row][vc_row][vc_column][vc_gallery type=\u00bbimage_grid\u00bb images=\u00bb96830,96832,96833&#8243; img_size=\u00bb350&#215;450&#8243;][\/vc_column][\/vc_row]<\/p>\n","protected":false},"excerpt":{"rendered":"<p>[vc_row full_width=\u00bbstretch_row\u00bb css=\u00bb.vc_custom_1701476927715{background-image: url(https:\/\/corporativozr.com\/2024\/wp-content\/uploads\/2023\/12\/ENCABEZADO-1.jpg?id=96829) !important;background-position: center !important;background-repeat: no-repeat !important;background-size: cover !important;}\u00bb][vc_column][vc_empty_space height=\u00bb160px\u00bb][vc_custom_heading text=\u00bbBODAS DESTINO\u00bb font_container=\u00bbtag:h2|font_size:36|text_align:left|color:%23ffffff\u00bb use_theme_fonts=\u00bbyes\u00bb][vc_empty_space height=\u00bb160px\u00bb][\/vc_column][\/vc_row][vc_row full_width=\u00bbstretch_row_content_no_spaces\u00bb][vc_column width=\u00bb1\/2&#8243;][vc_empty_space][vc_single_image image=\u00bb96828&#8243; img_size=\u00bbfull\u00bb alignment=\u00bbcenter\u00bb style=\u00bbvc_box_shadow_3d\u00bb][\/vc_column][vc_column width=\u00bb1\/2&#8243; css=\u00bb.vc_custom_1700594615474{padding-top: 25px !important;padding-right: 25px !important;padding-bottom: 25px !important;padding-left: 25px !important;}\u00bb][vc_column_text] Una boda destino es mucho m\u00e1s que un evento; es una aventura, una experiencia \u00fanica e inolvidable&#8230;<\/p>\n","protected":false},"author":1,"featured_media":0,"parent":96556,"menu_order":0,"comment_status":"closed","ping_status":"closed","template":"","meta":{"footnotes":""},"class_list":["post-96558","page","type-page","status-publish","hentry"],"_links":{"self":[{"href":"https:\/\/corporativozr.com\/2024\/wp-json\/wp\/v2\/pages\/96558","targetHints":{"allow":["GET"]}}],"collection":[{"href":"https:\/\/corporativozr.com\/2024\/wp-json\/wp\/v2\/pages"}],"about":[{"href":"https:\/\/corporativozr.com\/2024\/wp-json\/wp\/v2\/types\/page"}],"author":[{"embeddable":true,"href":"https:\/\/corporativozr.com\/2024\/wp-json\/wp\/v2\/users\/1"}],"replies":[{"embeddable":true,"href":"https:\/\/corporativozr.com\/2024\/wp-json\/wp\/v2\/comments?post=96558"}],"version-history":[{"count":25,"href":"https:\/\/corporativozr.com\/2024\/wp-json\/wp\/v2\/pages\/96558\/revisions"}],"predecessor-version":[{"id":96886,"href":"https:\/\/corporativozr.com\/2024\/wp-json\/wp\/v2\/pages\/96558\/revisions\/96886"}],"up":[{"embeddable":true,"href":"https:\/\/corporativozr.com\/2024\/wp-json\/wp\/v2\/pages\/96556"}],"wp:attachment":[{"href":"https:\/\/corporativozr.com\/2024\/wp-json\/wp\/v2\/media?parent=96558"}],"curies":[{"name":"wp","href":"https:\/\/api.w.org\/{rel}","templated":true}]}}